{"id":3894,"date":"2025-06-04T12:02:46","date_gmt":"2025-06-04T09:02:46","guid":{"rendered":"https:\/\/wsagroup.ro\/?page_id=3894"},"modified":"2025-06-12T12:42:59","modified_gmt":"2025-06-12T09:42:59","slug":"consiliere-juridica","status":"publish","type":"page","link":"https:\/\/wsagroup.ro\/it\/resurse-umane-companii\/consiliere-juridica\/","title":{"rendered":"Consulenza legale"},"content":{"rendered":"<div data-elementor-type=\"wp-page\" data-elementor-id=\"3894\" class=\"elementor elementor-3894\" data-elementor-post-type=\"page\">\n\t\t\t\t\t\t<section class=\"elementor-section elementor-top-section elementor-element elementor-element-6ffc00b4 elementor-reverse-tablet cspt-col-stretched-none cspt-bg-color-over-image elementor-section-boxed elementor-section-height-default elementor-section-height-default\" data-id=\"6ffc00b4\" data-element_type=\"section\" data-e-type=\"section\">\n\t\t\t\t\t\t<div class=\"elementor-container elementor-column-gap-default\">\n\t\t\t\t\t<div class=\"elementor-column elementor-col-50 elementor-top-column elementor-element elementor-element-53d0f207 cspt-bg-color-over-image\" data-id=\"53d0f207\" data-element_type=\"column\" data-e-type=\"column\">\n\t\t\t<div class=\"elementor-widget-wrap elementor-element-populated\">\n\t\t\t\t\t\t<div class=\"elementor-element elementor-element-1ee7a51c elementor-icon-list--layout-traditional elementor-list-item-link-full_width elementor-widget elementor-widget-icon-list\" data-id=\"1ee7a51c\" data-element_type=\"widget\" data-e-type=\"widget\" data-widget_type=\"icon-list.default\">\n\t\t\t\t<div class=\"elementor-widget-container\">\n\t\t\t\t\t\t\t<ul class=\"elementor-icon-list-items\">\n\t\t\t\t\t\t\t<li class=\"elementor-icon-list-item\">\n\t\t\t\t\t\t\t\t\t\t\t<a href=\"https:\/\/wsagroup.ro\/it\/resurse-umane-companii\/\">\n\n\t\t\t\t\t\t\t\t\t\t\t\t<span class=\"elementor-icon-list-icon\">\n\t\t\t\t\t\t\t<i aria-hidden=\"true\" class=\"fas fa-arrow-circle-right\"><\/i>\t\t\t\t\t\t<\/span>\n\t\t\t\t\t\t\t\t\t\t<span class=\"elementor-icon-list-text\">Per le aziende<\/span>\n\t\t\t\t\t\t\t\t\t\t\t<\/a>\n\t\t\t\t\t\t\t\t\t<\/li>\n\t\t\t\t\t\t<\/ul>\n\t\t\t\t\t\t<\/div>\n\t\t\t\t<\/div>\n\t\t\t\t<section class=\"elementor-section elementor-inner-section elementor-element elementor-element-41e057b cspt-col-stretched-none cspt-bg-color-over-image elementor-section-boxed elementor-section-height-default elementor-section-height-default\" data-id=\"41e057b\" data-element_type=\"section\" data-e-type=\"section\" data-settings=\"{&quot;background_background&quot;:&quot;classic&quot;}\">\n\t\t\t\t\t\t<div class=\"elementor-container elementor-column-gap-default\">\n\t\t\t\t\t<div class=\"elementor-column elementor-col-100 elementor-inner-column elementor-element elementor-element-829ce7a cspt-bg-color-over-image\" data-id=\"829ce7a\" data-element_type=\"column\" data-e-type=\"column\">\n\t\t\t<div class=\"elementor-widget-wrap elementor-element-populated\">\n\t\t\t\t\t\t<div class=\"elementor-element elementor-element-9ab0f8b elementor-widget__width-auto elementor-widget elementor-widget-heading\" data-id=\"9ab0f8b\" data-element_type=\"widget\" data-e-type=\"widget\" data-widget_type=\"heading.default\">\n\t\t\t\t<div class=\"elementor-widget-container\">\n\t\t\t\t\t<h6 class=\"elementor-heading-title elementor-size-default\"><a href=\"https:\/\/wsagroup.ro\/it\/resurse-umane-companii\/recrutare-selectie-personal\/\">Reclutamento e selezione del personale<\/a><\/h6>\t\t\t\t<\/div>\n\t\t\t\t<\/div>\n\t\t\t\t<div class=\"elementor-element elementor-element-09b0dc2 elementor-widget__width-auto elementor-view-default elementor-widget elementor-widget-icon\" data-id=\"09b0dc2\" data-element_type=\"widget\" data-e-type=\"widget\" data-widget_type=\"icon.default\">\n\t\t\t\t<div class=\"elementor-widget-container\">\n\t\t\t\t\t\t\t<div class=\"elementor-icon-wrapper\">\n\t\t\t<div class=\"elementor-icon\">\n\t\t\t<i aria-hidden=\"true\" class=\"fas fa-chevron-right\"><\/i>\t\t\t<\/div>\n\t\t<\/div>\n\t\t\t\t\t\t<\/div>\n\t\t\t\t<\/div>\n\t\t\t\t<div class=\"elementor-element elementor-element-9bc0541 elementor-widget__width-auto elementor-widget elementor-widget-heading\" data-id=\"9bc0541\" data-element_type=\"widget\" data-e-type=\"widget\" data-widget_type=\"heading.default\">\n\t\t\t\t<div class=\"elementor-widget-container\">\n\t\t\t\t\t<h6 class=\"elementor-heading-title elementor-size-default\"><a href=\"https:\/\/wsagroup.ro\/it\/resurse-umane-companii\/leasing-de-personal\/\">Leasing di personale<\/a><\/h6>\t\t\t\t<\/div>\n\t\t\t\t<\/div>\n\t\t\t\t<div class=\"elementor-element elementor-element-c16376a elementor-widget__width-auto elementor-view-default elementor-widget elementor-widget-icon\" data-id=\"c16376a\" data-element_type=\"widget\" data-e-type=\"widget\" data-widget_type=\"icon.default\">\n\t\t\t\t<div class=\"elementor-widget-container\">\n\t\t\t\t\t\t\t<div class=\"elementor-icon-wrapper\">\n\t\t\t<div class=\"elementor-icon\">\n\t\t\t<i aria-hidden=\"true\" class=\"fas fa-chevron-right\"><\/i>\t\t\t<\/div>\n\t\t<\/div>\n\t\t\t\t\t\t<\/div>\n\t\t\t\t<\/div>\n\t\t\t\t<div class=\"elementor-element elementor-element-50429a1 elementor-widget__width-auto elementor-widget elementor-widget-heading\" data-id=\"50429a1\" data-element_type=\"widget\" data-e-type=\"widget\" data-widget_type=\"heading.default\">\n\t\t\t\t<div class=\"elementor-widget-container\">\n\t\t\t\t\t<h6 class=\"elementor-heading-title elementor-size-default\"><a href=\"https:\/\/wsagroup.ro\/it\/resurse-umane-companii\/administrare-de-personal\/\">Gestione del personale<\/a><\/h6>\t\t\t\t<\/div>\n\t\t\t\t<\/div>\n\t\t\t\t<div class=\"elementor-element elementor-element-c46dd1a elementor-widget__width-auto elementor-view-default elementor-widget elementor-widget-icon\" data-id=\"c46dd1a\" data-element_type=\"widget\" data-e-type=\"widget\" data-widget_type=\"icon.default\">\n\t\t\t\t<div class=\"elementor-widget-container\">\n\t\t\t\t\t\t\t<div class=\"elementor-icon-wrapper\">\n\t\t\t<div class=\"elementor-icon\">\n\t\t\t<i aria-hidden=\"true\" class=\"fas fa-chevron-right\"><\/i>\t\t\t<\/div>\n\t\t<\/div>\n\t\t\t\t\t\t<\/div>\n\t\t\t\t<\/div>\n\t\t\t\t<div class=\"elementor-element elementor-element-df6759c elementor-widget__width-auto elementor-widget elementor-widget-heading\" data-id=\"df6759c\" data-element_type=\"widget\" data-e-type=\"widget\" data-widget_type=\"heading.default\">\n\t\t\t\t<div class=\"elementor-widget-container\">\n\t\t\t\t\t<h6 class=\"elementor-heading-title elementor-size-default\"><a href=\"https:\/\/wsagroup.ro\/it\/resurse-umane-companii\/externalizarea-salarizarii\/\">Outsourcing della retribuzione<\/a><\/h6>\t\t\t\t<\/div>\n\t\t\t\t<\/div>\n\t\t\t\t<div class=\"elementor-element elementor-element-62178ef elementor-widget__width-auto elementor-view-default elementor-widget elementor-widget-icon\" data-id=\"62178ef\" data-element_type=\"widget\" data-e-type=\"widget\" data-widget_type=\"icon.default\">\n\t\t\t\t<div class=\"elementor-widget-container\">\n\t\t\t\t\t\t\t<div class=\"elementor-icon-wrapper\">\n\t\t\t<div class=\"elementor-icon\">\n\t\t\t<i aria-hidden=\"true\" class=\"fas fa-chevron-right\"><\/i>\t\t\t<\/div>\n\t\t<\/div>\n\t\t\t\t\t\t<\/div>\n\t\t\t\t<\/div>\n\t\t\t\t<div class=\"elementor-element elementor-element-e5e1deb elementor-widget__width-auto elementor-widget elementor-widget-heading\" data-id=\"e5e1deb\" data-element_type=\"widget\" data-e-type=\"widget\" data-widget_type=\"heading.default\">\n\t\t\t\t<div class=\"elementor-widget-container\">\n\t\t\t\t\t<h6 class=\"elementor-heading-title elementor-size-default\"><a href=\"https:\/\/wsagroup.ro\/it\/resurse-umane-companii\/consiliere-juridica\/\">Consulenza legale<\/a><\/h6>\t\t\t\t<\/div>\n\t\t\t\t<\/div>\n\t\t\t\t<div class=\"elementor-element elementor-element-807ed40 elementor-widget__width-auto elementor-view-default elementor-widget elementor-widget-icon\" data-id=\"807ed40\" data-element_type=\"widget\" data-e-type=\"widget\" data-widget_type=\"icon.default\">\n\t\t\t\t<div class=\"elementor-widget-container\">\n\t\t\t\t\t\t\t<div class=\"elementor-icon-wrapper\">\n\t\t\t<div class=\"elementor-icon\">\n\t\t\t<i aria-hidden=\"true\" class=\"fas fa-chevron-right\"><\/i>\t\t\t<\/div>\n\t\t<\/div>\n\t\t\t\t\t\t<\/div>\n\t\t\t\t<\/div>\n\t\t\t\t\t<\/div>\n\t\t<\/div>\n\t\t\t\t\t<\/div>\n\t\t<\/section>\n\t\t\t\t<div class=\"elementor-element elementor-element-4a855c3 elementor-icon-list--layout-traditional elementor-list-item-link-full_width elementor-widget elementor-widget-icon-list\" data-id=\"4a855c3\" data-element_type=\"widget\" data-e-type=\"widget\" data-widget_type=\"icon-list.default\">\n\t\t\t\t<div class=\"elementor-widget-container\">\n\t\t\t\t\t\t\t<ul class=\"elementor-icon-list-items\">\n\t\t\t\t\t\t\t<li class=\"elementor-icon-list-item\">\n\t\t\t\t\t\t\t\t\t\t\t<a href=\"https:\/\/wsagroup.ro\/it\/pentru-candidati\/\">\n\n\t\t\t\t\t\t\t\t\t\t\t\t<span class=\"elementor-icon-list-icon\">\n\t\t\t\t\t\t\t<i aria-hidden=\"true\" class=\"fas fa-arrow-circle-right\"><\/i>\t\t\t\t\t\t<\/span>\n\t\t\t\t\t\t\t\t\t\t<span class=\"elementor-icon-list-text\">Per i candidati<\/span>\n\t\t\t\t\t\t\t\t\t\t\t<\/a>\n\t\t\t\t\t\t\t\t\t<\/li>\n\t\t\t\t\t\t<\/ul>\n\t\t\t\t\t\t<\/div>\n\t\t\t\t<\/div>\n\t\t\t\t<section class=\"elementor-section elementor-inner-section elementor-element elementor-element-4edaa519 cspt-col-stretched-none cspt-bg-color-over-image elementor-section-boxed elementor-section-height-default elementor-section-height-default\" data-id=\"4edaa519\" data-element_type=\"section\" data-e-type=\"section\" data-settings=\"{&quot;background_background&quot;:&quot;classic&quot;}\">\n\t\t\t\t\t\t<div class=\"elementor-container elementor-column-gap-default\">\n\t\t\t\t\t<div class=\"elementor-column elementor-col-100 elementor-inner-column elementor-element elementor-element-17cd50b2 cspt-bg-color-over-image\" data-id=\"17cd50b2\" data-element_type=\"column\" data-e-type=\"column\">\n\t\t\t<div class=\"elementor-widget-wrap elementor-element-populated\">\n\t\t\t\t\t\t<div class=\"elementor-element elementor-element-50eee238 elementor-hidden-tablet elementor-hidden-mobile elementor-widget elementor-widget-image\" data-id=\"50eee238\" data-element_type=\"widget\" data-e-type=\"widget\" data-widget_type=\"image.default\">\n\t\t\t\t<div class=\"elementor-widget-container\">\n\t\t\t\t\t\t\t\t\t\t\t\t\t\t\t\t<a href=\"https:\/\/wsagroup.ro\/it\/contact\/\">\n\t\t\t\t\t\t\t<img fetchpriority=\"high\" decoding=\"async\" width=\"315\" height=\"511\" src=\"https:\/\/wsagroup.ro\/wp-content\/uploads\/2024\/04\/banner-side-bar.png\" class=\"attachment-large size-large wp-image-2045\" alt=\"\" srcset=\"https:\/\/wsagroup.ro\/wp-content\/uploads\/2024\/04\/banner-side-bar.png 315w, https:\/\/wsagroup.ro\/wp-content\/uploads\/2024\/04\/banner-side-bar-185x300.png 185w\" sizes=\"(max-width: 315px) 100vw, 315px\" data-id=\"2045\" \/>\t\t\t\t\t\t\t\t<\/a>\n\t\t\t\t\t\t\t\t\t\t\t\t\t\t\t<\/div>\n\t\t\t\t<\/div>\n\t\t\t\t\t<\/div>\n\t\t<\/div>\n\t\t\t\t\t<\/div>\n\t\t<\/section>\n\t\t\t\t\t<\/div>\n\t\t<\/div>\n\t\t\t\t<div class=\"elementor-column elementor-col-50 elementor-top-column elementor-element elementor-element-3b03bc74 cspt-bg-color-over-image\" data-id=\"3b03bc74\" data-element_type=\"column\" data-e-type=\"column\">\n\t\t\t<div class=\"elementor-widget-wrap elementor-element-populated\">\n\t\t\t\t\t\t<div class=\"elementor-element elementor-element-57c526c2 elementor-widget elementor-widget-image\" data-id=\"57c526c2\" data-element_type=\"widget\" data-e-type=\"widget\" data-widget_type=\"image.default\">\n\t\t\t\t<div class=\"elementor-widget-container\">\n\t\t\t\t\t\t\t\t\t\t\t\t\t\t\t<img decoding=\"async\" width=\"847\" height=\"847\" src=\"https:\/\/wsagroup.ro\/wp-content\/uploads\/2024\/04\/Servicii-WSA-Group-Externalizarea-Salarizarii--1024x1024.jpg\" class=\"attachment-large size-large wp-image-1649\" alt=\"\" srcset=\"https:\/\/wsagroup.ro\/wp-content\/uploads\/2024\/04\/Servicii-WSA-Group-Externalizarea-Salarizarii--1024x1024.jpg 1024w, https:\/\/wsagroup.ro\/wp-content\/uploads\/2024\/04\/Servicii-WSA-Group-Externalizarea-Salarizarii--300x300.jpg 300w, https:\/\/wsagroup.ro\/wp-content\/uploads\/2024\/04\/Servicii-WSA-Group-Externalizarea-Salarizarii--150x150.jpg 150w, https:\/\/wsagroup.ro\/wp-content\/uploads\/2024\/04\/Servicii-WSA-Group-Externalizarea-Salarizarii--768x768.jpg 768w, https:\/\/wsagroup.ro\/wp-content\/uploads\/2024\/04\/Servicii-WSA-Group-Externalizarea-Salarizarii--770x770.jpg 770w, https:\/\/wsagroup.ro\/wp-content\/uploads\/2024\/04\/Servicii-WSA-Group-Externalizarea-Salarizarii--270x270.jpg 270w, https:\/\/wsagroup.ro\/wp-content\/uploads\/2024\/04\/Servicii-WSA-Group-Externalizarea-Salarizarii-.jpg 1200w\" sizes=\"(max-width: 847px) 100vw, 847px\" data-id=\"1649\" \/>\t\t\t\t\t\t\t\t\t\t\t\t\t\t\t<\/div>\n\t\t\t\t<\/div>\n\t\t\t\t<div class=\"elementor-element elementor-element-beec861 elementor-widget elementor-widget-heading\" data-id=\"beec861\" data-element_type=\"widget\" data-e-type=\"widget\" data-widget_type=\"heading.default\">\n\t\t\t\t<div class=\"elementor-widget-container\">\n\t\t\t\t\t<h4 class=\"elementor-heading-title elementor-size-default\">Consulenza Giuridica:<\/h4>\t\t\t\t<\/div>\n\t\t\t\t<\/div>\n\t\t\t\t<div class=\"elementor-element elementor-element-83489b9 elementor-widget elementor-widget-text-editor\" data-id=\"83489b9\" data-element_type=\"widget\" data-e-type=\"widget\" data-widget_type=\"text-editor.default\">\n\t\t\t\t<div class=\"elementor-widget-container\">\n\t\t\t\t\t\t\t\t\t<p>La consulenza giuridica nel campo della legislazione del lavoro rappresenta un servizio essenziale offerto da WSA ai suoi collaboratori, garantendo il rigoroso rispetto delle normative legislative nel settore lavorativo. Il nostro team di esperti monitora attentamente tutti gli aspetti del diritto del lavoro, ed \u00e8 pronto a rispondere prontamente a qualsiasi problema o domanda legale che possa sorgere durante la collaborazione.<\/p><p>Non offriamo solamente supporto ed esperienza, ma troviamo anche soluzioni immediate per qualsiasi questione legale relativa ai dipendenti e ai rapporti lavorative. Dalla corretta interpretazione e applicazione delle leggi e regolamenti del lavoro alla gestione delle controversie legali, la nostra squadra giuridica \u00e8 qui per guidare e proteggere gli interessi della vostra azienda in tutte le questioni legate alla forza lavoro.<\/p>\t\t\t\t\t\t\t\t<\/div>\n\t\t\t\t<\/div>\n\t\t\t\t<div class=\"elementor-element elementor-element-7dc59329 elementor-widget elementor-widget-heading\" data-id=\"7dc59329\" data-element_type=\"widget\" data-e-type=\"widget\" data-widget_type=\"heading.default\">\n\t\t\t\t<div class=\"elementor-widget-container\">\n\t\t\t\t\t<h4 class=\"elementor-heading-title elementor-size-default\">I MIGLIORI CONSULENTI PER TE<\/h4>\t\t\t\t<\/div>\n\t\t\t\t<\/div>\n\t\t\t\t<div class=\"elementor-element elementor-element-aeb6e38 elementor-widget elementor-widget-cspt_team_element\" data-id=\"aeb6e38\" data-element_type=\"widget\" data-e-type=\"widget\" data-widget_type=\"cspt_team_element.default\">\n\t\t\t\t<div class=\"elementor-widget-container\">\n\t\t\t\t\t\r\n\t\t<div class=\"creativesplanet-element creativesplanet-element-team cspt-element-team-style-1 creativesplanet-element-viewtype-row-column creativesplanet-gap-30px\" data-show=\"3\" data-columns=\"3\" data-loop=\"false\" data-autoplay=\"false\" data-center=\"false\" data-nav=\"false\" data-dots=\"false\" data-autoplayspeed=\"1000\" data-margin=\"30px\"><div class=\"creativesplanet-element-inner\">\r\n\t\t\r\n\t\t\t<div class=\"cspt-ele-header-area\">\r\n\t\t\t\t\t<div class=\"cspt-heading-subheading left-align\"><\/div>\r\n\t\t\t\t\r\n\t\t\t<\/div>\r\n\r\n\t\t\t<div class=\"cspt-element-posts-wrapper row multi-columns-row\">\r\n\r\n\t\t\t<div class=\"cspt-ele cspt-team-ele col-md-4\"><article class=\"creativesplanet-ele creativesplanet-ele-team cspt-team-style-1\">\r\n\t<div class=\"creativesplanet-post-item\">\r\n\t\t<div class=\"creativesplanet-team-image-box\">\r\n\t\t\t<div class=\"cspt-featured-wrapper\"><a href=\"https:\/\/wsagroup.ro\/it\/echipa-wsagroup\/abdreea-barsan\/\"><img decoding=\"async\" width=\"1080\" height=\"1350\" src=\"https:\/\/wsagroup.ro\/wp-content\/uploads\/2025\/11\/Andreea-Barsan.jpg\" class=\"attachment-cspt-img-500x580 size-cspt-img-500x580 wp-post-image\" alt=\"\" srcset=\"https:\/\/wsagroup.ro\/wp-content\/uploads\/2025\/11\/Andreea-Barsan.jpg 1080w, https:\/\/wsagroup.ro\/wp-content\/uploads\/2025\/11\/Andreea-Barsan-240x300.jpg 240w, https:\/\/wsagroup.ro\/wp-content\/uploads\/2025\/11\/Andreea-Barsan-819x1024.jpg 819w, https:\/\/wsagroup.ro\/wp-content\/uploads\/2025\/11\/Andreea-Barsan-768x960.jpg 768w, https:\/\/wsagroup.ro\/wp-content\/uploads\/2025\/11\/Andreea-Barsan-10x12.jpg 10w, https:\/\/wsagroup.ro\/wp-content\/uploads\/2025\/11\/Andreea-Barsan-770x963.jpg 770w\" sizes=\"(max-width: 1080px) 100vw, 1080px\" data-id=\"4902\" \/><\/a><\/div>\t\t<\/div>\r\n\t\t<div class=\"creativesplanet-box-content\">\r\n\t\t\t<div class=\"creativesplanet-box-content-inner\">\t\t\t\t\r\n\t\t\t\t<div class=\"creativesplanet-box-team-position\">\r\n\t\t\t\t\t\t\t<div class=\"creativesplanet-box-team-position\">Direttore economico<\/div>\r\n\t\t\t\t\t\t<\/div>\r\n\t\t\t\t<h3 class=\"cspt-team-title\"><a href=\"https:\/\/wsagroup.ro\/it\/echipa-wsagroup\/abdreea-barsan\/\">Andreea Barsan<\/a><\/h3>\r\n\t\t\t<\/div>\r\n\t\t\t<div class=\"creativesplanet-box-social-links\"><ul class=\"cspt-social-links cspt-team-social-links\"><li class=\"cspt-social-li cspt-social-facebook\"><a href=\"#\" title=\"Facebook\" target=\"_blank\"><span><i class=\"cspt-base-icon-facebook-squared\"><\/i><\/span><\/a><\/li><li class=\"cspt-social-li cspt-social-linkedin\"><a href=\"#\" title=\"LinkedIn\" target=\"_blank\"><span><i class=\"cspt-base-icon-linkedin-squared\"><\/i><\/span><\/a><\/li><li class=\"cspt-social-li cspt-social-instagram\"><a href=\"#\" title=\"Instagram\" target=\"_blank\"><span><i class=\"cspt-base-icon-instagram\"><\/i><\/span><\/a><\/li><\/ul><\/div>\r\n\t\t<\/div>\r\n\t<\/div>\r\n<\/article><\/div><div class=\"cspt-ele cspt-team-ele col-md-4\"><article class=\"creativesplanet-ele creativesplanet-ele-team cspt-team-style-1\">\r\n\t<div class=\"creativesplanet-post-item\">\r\n\t\t<div class=\"creativesplanet-team-image-box\">\r\n\t\t\t<div class=\"cspt-featured-wrapper\"><a href=\"https:\/\/wsagroup.ro\/it\/echipa-wsagroup\/bianca-sandu\/\"><img loading=\"lazy\" decoding=\"async\" width=\"1080\" height=\"1350\" src=\"https:\/\/wsagroup.ro\/wp-content\/uploads\/2025\/11\/Bianca-Sandu.jpg\" class=\"attachment-cspt-img-500x580 size-cspt-img-500x580 wp-post-image\" alt=\"\" srcset=\"https:\/\/wsagroup.ro\/wp-content\/uploads\/2025\/11\/Bianca-Sandu.jpg 1080w, https:\/\/wsagroup.ro\/wp-content\/uploads\/2025\/11\/Bianca-Sandu-240x300.jpg 240w, https:\/\/wsagroup.ro\/wp-content\/uploads\/2025\/11\/Bianca-Sandu-819x1024.jpg 819w, https:\/\/wsagroup.ro\/wp-content\/uploads\/2025\/11\/Bianca-Sandu-768x960.jpg 768w, https:\/\/wsagroup.ro\/wp-content\/uploads\/2025\/11\/Bianca-Sandu-10x12.jpg 10w, https:\/\/wsagroup.ro\/wp-content\/uploads\/2025\/11\/Bianca-Sandu-770x963.jpg 770w\" sizes=\"(max-width: 1080px) 100vw, 1080px\" data-id=\"4904\" \/><\/a><\/div>\t\t<\/div>\r\n\t\t<div class=\"creativesplanet-box-content\">\r\n\t\t\t<div class=\"creativesplanet-box-content-inner\">\t\t\t\t\r\n\t\t\t\t<div class=\"creativesplanet-box-team-position\">\r\n\t\t\t\t\t\t\t<div class=\"creativesplanet-box-team-position\">Funzionario amministrativo<\/div>\r\n\t\t\t\t\t\t<\/div>\r\n\t\t\t\t<h3 class=\"cspt-team-title\"><a href=\"https:\/\/wsagroup.ro\/it\/echipa-wsagroup\/bianca-sandu\/\">Bianca Sandu<\/a><\/h3>\r\n\t\t\t<\/div>\r\n\t\t\t<div class=\"creativesplanet-box-social-links\"><ul class=\"cspt-social-links cspt-team-social-links\"><li class=\"cspt-social-li cspt-social-facebook\"><a href=\"#\" title=\"Facebook\" target=\"_blank\"><span><i class=\"cspt-base-icon-facebook-squared\"><\/i><\/span><\/a><\/li><li class=\"cspt-social-li cspt-social-linkedin\"><a href=\"#\" title=\"LinkedIn\" target=\"_blank\"><span><i class=\"cspt-base-icon-linkedin-squared\"><\/i><\/span><\/a><\/li><li class=\"cspt-social-li cspt-social-instagram\"><a href=\"#\" title=\"Instagram\" target=\"_blank\"><span><i class=\"cspt-base-icon-instagram\"><\/i><\/span><\/a><\/li><\/ul><\/div>\r\n\t\t<\/div>\r\n\t<\/div>\r\n<\/article><\/div><div class=\"cspt-ele cspt-team-ele col-md-4\"><article class=\"creativesplanet-ele creativesplanet-ele-team cspt-team-style-1\">\r\n\t<div class=\"creativesplanet-post-item\">\r\n\t\t<div class=\"creativesplanet-team-image-box\">\r\n\t\t\t<div class=\"cspt-featured-wrapper\"><a href=\"https:\/\/wsagroup.ro\/it\/echipa-wsagroup\/tamara-sterea\/\"><img loading=\"lazy\" decoding=\"async\" width=\"1080\" height=\"1350\" src=\"https:\/\/wsagroup.ro\/wp-content\/uploads\/2025\/11\/Tamara-Sterea.jpg\" class=\"attachment-cspt-img-500x580 size-cspt-img-500x580 wp-post-image\" alt=\"\" srcset=\"https:\/\/wsagroup.ro\/wp-content\/uploads\/2025\/11\/Tamara-Sterea.jpg 1080w, https:\/\/wsagroup.ro\/wp-content\/uploads\/2025\/11\/Tamara-Sterea-240x300.jpg 240w, https:\/\/wsagroup.ro\/wp-content\/uploads\/2025\/11\/Tamara-Sterea-819x1024.jpg 819w, https:\/\/wsagroup.ro\/wp-content\/uploads\/2025\/11\/Tamara-Sterea-768x960.jpg 768w, https:\/\/wsagroup.ro\/wp-content\/uploads\/2025\/11\/Tamara-Sterea-10x12.jpg 10w, https:\/\/wsagroup.ro\/wp-content\/uploads\/2025\/11\/Tamara-Sterea-770x963.jpg 770w\" sizes=\"(max-width: 1080px) 100vw, 1080px\" data-id=\"4900\" \/><\/a><\/div>\t\t<\/div>\r\n\t\t<div class=\"creativesplanet-box-content\">\r\n\t\t\t<div class=\"creativesplanet-box-content-inner\">\t\t\t\t\r\n\t\t\t\t<div class=\"creativesplanet-box-team-position\">\r\n\t\t\t\t\t\t\t<div class=\"creativesplanet-box-team-position\">Specialista di marketing<\/div>\r\n\t\t\t\t\t\t<\/div>\r\n\t\t\t\t<h3 class=\"cspt-team-title\"><a href=\"https:\/\/wsagroup.ro\/it\/echipa-wsagroup\/tamara-sterea\/\">Tamara Sterea<\/a><\/h3>\r\n\t\t\t<\/div>\r\n\t\t\t<div class=\"creativesplanet-box-social-links\"><ul class=\"cspt-social-links cspt-team-social-links\"><li class=\"cspt-social-li cspt-social-facebook\"><a href=\"#\" title=\"Facebook\" target=\"_blank\"><span><i class=\"cspt-base-icon-facebook-squared\"><\/i><\/span><\/a><\/li><li class=\"cspt-social-li cspt-social-linkedin\"><a href=\"#\" title=\"LinkedIn\" target=\"_blank\"><span><i class=\"cspt-base-icon-linkedin-squared\"><\/i><\/span><\/a><\/li><li class=\"cspt-social-li cspt-social-instagram\"><a href=\"#\" title=\"Instagram\" target=\"_blank\"><span><i class=\"cspt-base-icon-instagram\"><\/i><\/span><\/a><\/li><\/ul><\/div>\r\n\t\t<\/div>\r\n\t<\/div>\r\n<\/article><\/div>\r\n\t\t\t<\/div>\r\n\r\n\t\t\t\r\n\t\t\r\n\t\t<\/div><!-- .creativesplanet-element-inner -->   <\/div><!-- .creativesplanet-element -->  \r\n\t    \t\t\t\t<\/div>\n\t\t\t\t<\/div>\n\t\t\t\t\t<\/div>\n\t\t<\/div>\n\t\t\t\t\t<\/div>\n\t\t<\/section>\n\t\t\t\t<\/div>","protected":false},"excerpt":{"rendered":"<p>Pentru companii Recrutare si selec\u021bie de personal Leasing de personal Administrare de personal Externalizarea salariz\u0103rii Consiliere juridica Pentru candida\u021bi Consiliere Juridic\u0103: In domeniul legisla\u021biei muncii reprezint\u0103 un serviciu esen\u021bial pe care WSA \u00eel ofer\u0103 colaboratorilor s\u0103i, asigur\u00e2nd respectarea riguroas\u0103 a normelor legislative \u00een cadrul domeniului muncii. Echipa noastr\u0103 de speciali\u0219ti monitorizeaz\u0103 cu aten\u021bie toate aspectele legate de dreptul muncii, fiind preg\u0103tit\u0103 s\u0103 r\u0103spund\u0103 rapid la orice problem\u0103 sau \u00eentrebare juridic\u0103[&hellip;]<\/p>","protected":false},"author":1,"featured_media":4110,"parent":3877,"menu_order":0,"comment_status":"closed","ping_status":"closed","template":"elementor_header_footer","meta":{"_acf_changed":false,"footnotes":""},"class_list":["post-3894","page","type-page","status-publish","has-post-thumbnail","hentry"],"acf":[],"_links":{"self":[{"href":"https:\/\/wsagroup.ro\/it\/wp-json\/wp\/v2\/pages\/3894","targetHints":{"allow":["GET"]}}],"collection":[{"href":"https:\/\/wsagroup.ro\/it\/wp-json\/wp\/v2\/pages"}],"about":[{"href":"https:\/\/wsagroup.ro\/it\/wp-json\/wp\/v2\/types\/page"}],"author":[{"embeddable":true,"href":"https:\/\/wsagroup.ro\/it\/wp-json\/wp\/v2\/users\/1"}],"replies":[{"embeddable":true,"href":"https:\/\/wsagroup.ro\/it\/wp-json\/wp\/v2\/comments?post=3894"}],"version-history":[{"count":0,"href":"https:\/\/wsagroup.ro\/it\/wp-json\/wp\/v2\/pages\/3894\/revisions"}],"up":[{"embeddable":true,"href":"https:\/\/wsagroup.ro\/it\/wp-json\/wp\/v2\/pages\/3877"}],"wp:featuredmedia":[{"embeddable":true,"href":"https:\/\/wsagroup.ro\/it\/wp-json\/wp\/v2\/media\/4110"}],"wp:attachment":[{"href":"https:\/\/wsagroup.ro\/it\/wp-json\/wp\/v2\/media?parent=3894"}],"curies":[{"name":"wp","href":"https:\/\/api.w.org\/{rel}","templated":true}]}}