{"id":107,"date":"2019-06-18T06:58:53","date_gmt":"2019-06-18T06:58:53","guid":{"rendered":"https:\/\/emphires-demo.pbminfotech.com\/nutrition\/?page_id=10420"},"modified":"2024-10-04T09:43:18","modified_gmt":"2024-10-04T06:43:18","slug":"contact","status":"publish","type":"page","link":"https:\/\/wsagroup.ro\/it\/contact\/","title":{"rendered":"Contatti"},"content":{"rendered":"<div data-elementor-type=\"wp-page\" data-elementor-id=\"107\" class=\"elementor elementor-107\" data-elementor-post-type=\"page\">\n\t\t\t\t\t\t<div class=\"elementor-section elementor-top-section elementor-element elementor-element-bce7185 cspt-bg-color-yes cspt-elementor-bg-color-white elementor-section-stretched cspt-col-stretched-none cspt-bg-color-over-image elementor-section-boxed elementor-section-height-default elementor-section-height-default\" data-id=\"bce7185\" data-element_type=\"section\" data-e-type=\"section\" data-settings=\"{&quot;stretch_section&quot;:&quot;section-stretched&quot;}\">\n\t\t\t\t\t\t<div class=\"elementor-container elementor-column-gap-no\">\n\t\t\t\t\t<div class=\"elementor-column elementor-col-100 elementor-top-column elementor-element elementor-element-8a5f6fd cspt-bg-color-over-image\" data-id=\"8a5f6fd\" data-element_type=\"column\" data-e-type=\"column\">\n\t\t\t<div class=\"elementor-widget-wrap elementor-element-populated\">\n\t\t\t\t\t\t<div class=\"elementor-section elementor-inner-section elementor-element elementor-element-f9ef539 cspt-col-stretched-none cspt-bg-color-over-image elementor-section-boxed elementor-section-height-default elementor-section-height-default\" data-id=\"f9ef539\" data-element_type=\"section\" data-e-type=\"section\">\n\t\t\t\t\t\t<div class=\"elementor-container elementor-column-gap-no\">\n\t\t\t\t\t<div class=\"elementor-column elementor-col-33 elementor-inner-column elementor-element elementor-element-2c64a8b cspt-bg-color-over-image\" data-id=\"2c64a8b\" data-element_type=\"column\" data-e-type=\"column\">\n\t\t\t<div class=\"elementor-widget-wrap elementor-element-populated\">\n\t\t\t\t\t\t<div class=\"elementor-element elementor-element-6d23ad7 elementor-widget elementor-widget-cspt_icon_heading\" data-id=\"6d23ad7\" data-element_type=\"widget\" data-e-type=\"widget\" data-widget_type=\"cspt_icon_heading.default\">\n\t\t\t\t<div class=\"elementor-widget-container\">\n\t\t\t\t\t<div  class=\"cspt-ihbox cspt-ihbox-style-2\" >\r\n\t<div class=\"cspt-ihbox-box\">\r\n\t\t<div class=\"cspt-ihbox-headingicon d-flex\">\r\n\t\t\t<div class=\"cspt-ihbox-icon\"><div class=\"cspt-ihbox-icon-wrapper\"><i class=\"cspt-emphires-icon cspt-emphires-icon-email\"><\/i><\/div><\/div>\t\t\t<div class=\"cspt-ihbox-contents\">\r\n\t\t\t\t<h2 class=\"cspt-ihbox-heading\">\r\n\t\t\t\t\t\r\n\t\t\t\t\t\tIndirizzo e-mail\r\n\t\t\t\t\t\r\n\t\t\t\t\t<\/h2>\r\n\t\t\t\t\t\t\t\t\t\t\t\t<div class=\"cspt-ihbox-content\"><a href=\"mailto:info@wsagroup.ro\">info@wsagroup.ro<\/a><\/div>\t\t\t\t\t\t\t<\/div><!-- .cspt-ihbox-contents -->\r\n\t\t<\/div>\r\n\t<\/div>\r\n<\/div>\r\n\t\t\t\t<\/div>\n\t\t\t\t<\/div>\n\t\t\t\t\t<\/div>\n\t\t<\/div>\n\t\t\t\t<div class=\"elementor-column elementor-col-33 elementor-inner-column elementor-element elementor-element-2d129cd cspt-bg-color-over-image\" data-id=\"2d129cd\" data-element_type=\"column\" data-e-type=\"column\">\n\t\t\t<div class=\"elementor-widget-wrap elementor-element-populated\">\n\t\t\t\t\t\t<div class=\"elementor-element elementor-element-8e49699 elementor-widget elementor-widget-cspt_icon_heading\" data-id=\"8e49699\" data-element_type=\"widget\" data-e-type=\"widget\" data-widget_type=\"cspt_icon_heading.default\">\n\t\t\t\t<div class=\"elementor-widget-container\">\n\t\t\t\t\t<div  class=\"cspt-ihbox cspt-ihbox-style-2\" >\r\n\t<div class=\"cspt-ihbox-box\">\r\n\t\t<div class=\"cspt-ihbox-headingicon d-flex\">\r\n\t\t\t<div class=\"cspt-ihbox-icon\"><div class=\"cspt-ihbox-icon-wrapper\"><i class=\"cspt-emphires-icon cspt-emphires-icon-placeholder-1\"><\/i><\/div><\/div>\t\t\t<div class=\"cspt-ihbox-contents\">\r\n\t\t\t\t<h2 class=\"cspt-ihbox-heading\">\r\n\t\t\t\t\t\r\n\t\t\t\t\t\tLa nostra sede\r\n\t\t\t\t\t\r\n\t\t\t\t\t<\/h2>\r\n\t\t\t\t\t\t\t\t\t\t\t\t<div class=\"cspt-ihbox-content\">Str. Bobalna N. 21<br>\nBra\u0219ov, Rom\u00e2nia\n<\/div>\t\t\t\t\t\t\t<\/div><!-- .cspt-ihbox-contents -->\r\n\t\t<\/div>\r\n\t<\/div>\r\n<\/div>\r\n\t\t\t\t<\/div>\n\t\t\t\t<\/div>\n\t\t\t\t\t<\/div>\n\t\t<\/div>\n\t\t\t\t<div class=\"elementor-column elementor-col-33 elementor-inner-column elementor-element elementor-element-d8c93af cspt-bg-color-over-image\" data-id=\"d8c93af\" data-element_type=\"column\" data-e-type=\"column\">\n\t\t\t<div class=\"elementor-widget-wrap elementor-element-populated\">\n\t\t\t\t\t\t<div class=\"elementor-element elementor-element-4192fe2 elementor-widget elementor-widget-cspt_icon_heading\" data-id=\"4192fe2\" data-element_type=\"widget\" data-e-type=\"widget\" data-widget_type=\"cspt_icon_heading.default\">\n\t\t\t\t<div class=\"elementor-widget-container\">\n\t\t\t\t\t<div  class=\"cspt-ihbox cspt-ihbox-style-2\" >\r\n\t<div class=\"cspt-ihbox-box\">\r\n\t\t<div class=\"cspt-ihbox-headingicon d-flex\">\r\n\t\t\t<div class=\"cspt-ihbox-icon\"><div class=\"cspt-ihbox-icon-wrapper\"><i class=\"cspt-emphires-icon cspt-emphires-icon-appointment\"><\/i><\/div><\/div>\t\t\t<div class=\"cspt-ihbox-contents\">\r\n\t\t\t\t<h2 class=\"cspt-ihbox-heading\">\r\n\t\t\t\t\t\r\n\t\t\t\t\t\tOrari di lavoro\r\n\t\t\t\t\t\r\n\t\t\t\t\t<\/h2>\r\n\t\t\t\t\t\t\t\t\t\t\t\t<div class=\"cspt-ihbox-content\">Luned\u00ec-Venerd\u00ec: 9am \u2013 6:30pm<br>\nSabato-Domenica: chiuso<\/div>\t\t\t\t\t\t\t<\/div><!-- .cspt-ihbox-contents -->\r\n\t\t<\/div>\r\n\t<\/div>\r\n<\/div>\r\n\t\t\t\t<\/div>\n\t\t\t\t<\/div>\n\t\t\t\t\t<\/div>\n\t\t<\/div>\n\t\t\t\t\t<\/div>\n\t\t<\/div>\n\t\t\t\t\t<\/div>\n\t\t<\/div>\n\t\t\t\t\t<\/div>\n\t\t<\/div>\n\t\t\t\t<div class=\"elementor-section elementor-top-section elementor-element elementor-element-d56d279 elementor-section-stretched cspt-col-stretched-none cspt-bg-color-over-image elementor-section-boxed elementor-section-height-default elementor-section-height-default\" data-id=\"d56d279\" data-element_type=\"section\" data-e-type=\"section\" data-settings=\"{&quot;stretch_section&quot;:&quot;section-stretched&quot;}\">\n\t\t\t\t\t\t<div class=\"elementor-container elementor-column-gap-no\">\n\t\t\t\t\t<div class=\"elementor-column elementor-col-100 elementor-top-column elementor-element elementor-element-2748055 cspt-bg-color-over-image\" data-id=\"2748055\" data-element_type=\"column\" data-e-type=\"column\">\n\t\t\t<div class=\"elementor-widget-wrap elementor-element-populated\">\n\t\t\t\t\t\t<div class=\"elementor-section elementor-inner-section elementor-element elementor-element-074d1fe cspt-bg-color-yes cspt-elementor-bg-color-white cspt-border-radius-1 cspt-box-shadow-1 cspt-col-stretched-none cspt-bg-color-over-image elementor-section-boxed elementor-section-height-default elementor-section-height-default\" data-id=\"074d1fe\" data-element_type=\"section\" data-e-type=\"section\">\n\t\t\t\t\t\t<div class=\"elementor-container elementor-column-gap-no\">\n\t\t\t\t\t<div class=\"elementor-column elementor-col-50 elementor-inner-column elementor-element elementor-element-93ea556 cspt-bg-color-over-image\" data-id=\"93ea556\" data-element_type=\"column\" data-e-type=\"column\">\n\t\t\t<div class=\"elementor-widget-wrap elementor-element-populated\">\n\t\t\t\t\t\t<div class=\"elementor-element elementor-element-05c6ef2 cspt-align-left elementor-widget elementor-widget-cspt_heading\" data-id=\"05c6ef2\" data-element_type=\"widget\" data-e-type=\"widget\" data-widget_type=\"cspt_heading.default\">\n\t\t\t\t<div class=\"elementor-widget-container\">\n\t\t\t\t\t\t<div class=\"cspt-heading-subheading left-align cspt-reverse-heading-yes\"><h4 class=\"cspt-element-subtitle\">\r\n\t\t\t\r\n\t\t\t\tMANDA MESSAGGIO\r\n\t\t\t\r\n\t\t\t<\/h4>\r\n\t\t<h2 class=\"cspt-element-title\">\r\n\t\t\t\r\n\t\t\t\tHai domande? Non esitare a contattarci.\r\n\t\t\t\r\n\t\t\t<\/h2>\r\n\t\t<\/div>\t\t\t\t<\/div>\n\t\t\t\t<\/div>\n\t\t\t\t<div class=\"elementor-element elementor-element-b223747 elementor-widget elementor-widget-text-editor\" data-id=\"b223747\" data-element_type=\"widget\" data-e-type=\"widget\" data-widget_type=\"text-editor.default\">\n\t\t\t\t<div class=\"elementor-widget-container\">\n\t\t\t\t\t\t\t\t\t<p><ul class=\"cspt-social-links\"><li class=\"cspt-social-li cspt-social-facebook\"><a href=\"https:\/\/www.facebook.com\/WSAGROUP\" target=\"_blank\" rel=\"noopener\"><span><i class=\"cspt-base-icon-facebook-squared\"><\/i><\/span><\/a><\/li><li class=\"cspt-social-li cspt-social-linkedin\"><a href=\"https:\/\/ro.linkedin.com\/company\/wsa-platinium\" target=\"_blank\" rel=\"noopener\"><span><i class=\"cspt-base-icon-linkedin-squared\"><\/i><\/span><\/a><\/li><li class=\"cspt-social-li cspt-social-youtube\"><a  href=\"#\" target=\"_blank\"><span><i class=\"cspt-base-icon-youtube-play\"><\/i><\/span><\/a><\/li><li class=\"cspt-social-li cspt-social-instagram\"><a href=\"https:\/\/www.instagram.com\/wsagroup_jobs\/\" target=\"_blank\" rel=\"noopener\"><span><i class=\"cspt-base-icon-instagram\"><\/i><\/span><\/a><\/li><li class=\"cspt-social-li cspt-social-tiktok\"><a href=\"https:\/\/www.tiktok.com\/@wsa.group\" target=\"_blank\" rel=\"noopener\"><svg fill=\"#000000\" width=\"800px\" height=\"800px\" viewbox=\"0 0 512 512\" id=\"icons\" xmlns=\"http:\/\/www.w3.org\/2000\/svg\"><path d=\"M412.19,118.66a109.27,109.27,0,0,1-9.45-5.5,132.87,132.87,0,0,1-24.27-20.62c-18.1-20.71-24.86-41.72-27.35-56.43h.1C349.14,23.9,350,16,350.13,16H267.69V334.78c0,4.28,0,8.51-.18,12.69,0,.52-.05,1-.08,1.56,0,.23,0,.47-.05.71,0,.06,0,.12,0,.18a70,70,0,0,1-35.22,55.56,68.8,68.8,0,0,1-34.11,9c-38.41,0-69.54-31.32-69.54-70s31.13-70,69.54-70a68.9,68.9,0,0,1,21.41,3.39l.1-83.94a153.14,153.14,0,0,0-118,34.52,161.79,161.79,0,0,0-35.3,43.53c-3.48,6-16.61,30.11-18.2,69.24-1,22.21,5.67,45.22,8.85,54.73v.2c2,5.6,9.75,24.71,22.38,40.82A167.53,167.53,0,0,0,115,470.66v-.2l.2.2C155.11,497.78,199.36,496,199.36,496c7.66-.31,33.32,0,62.46-13.81,32.32-15.31,50.72-38.12,50.72-38.12a158.46,158.46,0,0,0,27.64-45.93c7.46-19.61,9.95-43.13,9.95-52.53V176.49c1,.6,14.32,9.41,14.32,9.41s19.19,12.3,49.13,20.31c21.48,5.7,50.42,6.9,50.42,6.9V131.27C453.86,132.37,433.27,129.17,412.19,118.66Z\"\/><\/svg><\/a><\/li><\/ul><\/p>\t\t\t\t\t\t\t\t<\/div>\n\t\t\t\t<\/div>\n\t\t\t\t\t<\/div>\n\t\t<\/div>\n\t\t\t\t<div class=\"elementor-column elementor-col-50 elementor-inner-column elementor-element elementor-element-a0ce293 cspt-bg-color-over-image\" data-id=\"a0ce293\" data-element_type=\"column\" data-e-type=\"column\">\n\t\t\t<div class=\"elementor-widget-wrap elementor-element-populated\">\n\t\t\t\t\t\t<div class=\"elementor-element elementor-element-d6fff42 elementor-widget elementor-widget-shortcode\" data-id=\"d6fff42\" data-element_type=\"widget\" data-e-type=\"widget\" data-widget_type=\"shortcode.default\">\n\t\t\t\t<div class=\"elementor-widget-container\">\n\t\t\t\t\t\t\t<div class=\"elementor-shortcode\"><p class=\"wpcf7-contact-form-not-found\"><strong>Errore:<\/strong> Modulo di contatto non trovato.<\/p><\/div>\n\t\t\t\t\t\t<\/div>\n\t\t\t\t<\/div>\n\t\t\t\t\t<\/div>\n\t\t<\/div>\n\t\t\t\t\t<\/div>\n\t\t<\/div>\n\t\t\t\t\t<\/div>\n\t\t<\/div>\n\t\t\t\t\t<\/div>\n\t\t<\/div>\n\t\t\t\t<div class=\"elementor-section elementor-top-section elementor-element elementor-element-bad5898 elementor-section-full_width elementor-section-stretched cspt-col-stretched-none cspt-bg-color-over-image elementor-section-height-default elementor-section-height-default\" data-id=\"bad5898\" data-element_type=\"section\" data-e-type=\"section\" data-settings=\"{&quot;stretch_section&quot;:&quot;section-stretched&quot;}\">\n\t\t\t\t\t\t<div class=\"elementor-container elementor-column-gap-no\">\n\t\t\t\t\t<div class=\"elementor-column elementor-col-100 elementor-top-column elementor-element elementor-element-0053425 cspt-bg-color-over-image\" data-id=\"0053425\" data-element_type=\"column\" data-e-type=\"column\">\n\t\t\t<div class=\"elementor-widget-wrap elementor-element-populated\">\n\t\t\t\t\t\t<div class=\"elementor-element elementor-element-c94c78e elementor-widget elementor-widget-google_maps\" data-id=\"c94c78e\" data-element_type=\"widget\" data-e-type=\"widget\" data-widget_type=\"google_maps.default\">\n\t\t\t\t<div class=\"elementor-widget-container\">\n\t\t\t\t\t\t\t<div class=\"elementor-custom-embed\">\n\t\t\t<iframe loading=\"lazy\"\n\t\t\t\t\tsrc=\"https:\/\/maps.google.com\/maps?q=Str.%20Bobalna%20nr.%2021%20Brasov%2C%20Romania&#038;t=m&#038;z=17&#038;output=embed&#038;iwloc=near\"\n\t\t\t\t\ttitle=\"Str. Bobalna nr. 21 Brasov, Romania\"\n\t\t\t\t\taria-label=\"Str. Bobalna nr. 21 Brasov, Romania\"\n\t\t\t><\/iframe>\n\t\t<\/div>\n\t\t\t\t\t\t<\/div>\n\t\t\t\t<\/div>\n\t\t\t\t\t<\/div>\n\t\t<\/div>\n\t\t\t\t\t<\/div>\n\t\t<\/div>\n\t\t\t\t<\/div>","protected":false},"excerpt":{"rendered":"<p>Adrese de email info@wsagroup.ro Adresa noastr\u0103 Str. Bob\u00e2lna nr. 21 Bra\u0219ov, Rom\u00e2nia Program Luni \u2013 Vineri: 9am \u2013 6:30pm S\u00e2mbat\u0103 \u2013 Duminic\u0103: \u00eenchis Trimite mesaj Ai vreo \u00eentrebare? Nu ezita s\u0103 ne contactezi.<\/p>","protected":false},"author":1,"featured_media":0,"parent":0,"menu_order":25,"comment_status":"closed","ping_status":"closed","template":"","meta":{"_acf_changed":false,"footnotes":""},"class_list":["post-107","page","type-page","status-publish","hentry"],"acf":[],"_links":{"self":[{"href":"https:\/\/wsagroup.ro\/it\/wp-json\/wp\/v2\/pages\/107","targetHints":{"allow":["GET"]}}],"collection":[{"href":"https:\/\/wsagroup.ro\/it\/wp-json\/wp\/v2\/pages"}],"about":[{"href":"https:\/\/wsagroup.ro\/it\/wp-json\/wp\/v2\/types\/page"}],"author":[{"embeddable":true,"href":"https:\/\/wsagroup.ro\/it\/wp-json\/wp\/v2\/users\/1"}],"replies":[{"embeddable":true,"href":"https:\/\/wsagroup.ro\/it\/wp-json\/wp\/v2\/comments?post=107"}],"version-history":[{"count":0,"href":"https:\/\/wsagroup.ro\/it\/wp-json\/wp\/v2\/pages\/107\/revisions"}],"wp:attachment":[{"href":"https:\/\/wsagroup.ro\/it\/wp-json\/wp\/v2\/media?parent=107"}],"curies":[{"name":"wp","href":"https:\/\/api.w.org\/{rel}","templated":true}]}}